{"id":28617,"date":"2021-05-23T19:30:38","date_gmt":"2021-05-23T19:30:38","guid":{"rendered":"http:\/\/jedlicka.live\/?page_id=28617"},"modified":"2021-05-24T14:30:06","modified_gmt":"2021-05-24T14:30:06","slug":"jedlickalive","status":"publish","type":"page","link":"https:\/\/jedlicka.live\/","title":{"rendered":"jedlickalive"},"content":{"rendered":"\n<figure class=\"wp-block-image size-large is-style-default\"><img loading=\"lazy\" decoding=\"async\" width=\"1024\" height=\"538\" src=\"http:\/\/jedlicka.live\/wp-content\/uploads\/2021\/05\/00878516-1-1024x538.jpeg\" alt=\"\" class=\"wp-image-28619\" srcset=\"https:\/\/jedlicka.live\/wp-content\/uploads\/2021\/05\/00878516-1-1024x538.jpeg 1024w, https:\/\/jedlicka.live\/wp-content\/uploads\/2021\/05\/00878516-1-300x158.jpeg 300w, https:\/\/jedlicka.live\/wp-content\/uploads\/2021\/05\/00878516-1-768x403.jpeg 768w, https:\/\/jedlicka.live\/wp-content\/uploads\/2021\/05\/00878516-1.jpeg 1200w\" sizes=\"auto, (max-width: 1024px) 100vw, 1024px\" \/><\/figure>\n\n\n\n<p>Seznam subdom\u00e9n v jedlicka.live<\/p>\n\n\n\n<ul class=\"wp-block-list\"><li><a href=\"https:\/\/sdmjm.jedlicka.live\/\" target=\"_blank\" rel=\"noreferrer noopener\">https:\/\/sdmjm.jedlicka.live\/<\/a> &#8211; hern\u00ed str\u00e1nky skupiny SDE MJM<\/li><li><a href=\"http:\/\/katerina.jedlicka.live\/\" target=\"_blank\" rel=\"noreferrer noopener\">http:\/\/katerina.jedlicka.live\/<\/a> &#8211; osobn\u00ed str\u00e1nky Kate\u0159iny Jedli\u010dkov\u00e9<\/li><\/ul>\n","protected":false},"excerpt":{"rendered":"<p>Seznam subdom\u00e9n v jedlicka.live https:\/\/sdmjm.jedlicka.live\/ &#8211; hern\u00ed str\u00e1nky skupiny SDE MJM http:\/\/katerina.jedlicka.live\/ &#8211; osobn\u00ed str\u00e1nky Kate\u0159iny Jedli\u010dkov\u00e9<\/p>\n","protected":false},"author":1,"featured_media":0,"parent":0,"menu_order":0,"comment_status":"closed","ping_status":"closed","template":"","meta":{"footnotes":""},"class_list":["post-28617","page","type-page","status-publish","hentry"],"_links":{"self":[{"href":"https:\/\/jedlicka.live\/index.php\/wp-json\/wp\/v2\/pages\/28617","targetHints":{"allow":["GET"]}}],"collection":[{"href":"https:\/\/jedlicka.live\/index.php\/wp-json\/wp\/v2\/pages"}],"about":[{"href":"https:\/\/jedlicka.live\/index.php\/wp-json\/wp\/v2\/types\/page"}],"author":[{"embeddable":true,"href":"https:\/\/jedlicka.live\/index.php\/wp-json\/wp\/v2\/users\/1"}],"replies":[{"embeddable":true,"href":"https:\/\/jedlicka.live\/index.php\/wp-json\/wp\/v2\/comments?post=28617"}],"version-history":[{"count":3,"href":"https:\/\/jedlicka.live\/index.php\/wp-json\/wp\/v2\/pages\/28617\/revisions"}],"predecessor-version":[{"id":28835,"href":"https:\/\/jedlicka.live\/index.php\/wp-json\/wp\/v2\/pages\/28617\/revisions\/28835"}],"wp:attachment":[{"href":"https:\/\/jedlicka.live\/index.php\/wp-json\/wp\/v2\/media?parent=28617"}],"curies":[{"name":"wp","href":"https:\/\/api.w.org\/{rel}","templated":true}]}}